{"id":20,"date":"2019-12-23T00:10:46","date_gmt":"2019-12-22T23:10:46","guid":{"rendered":"http:\/\/www.anzbach-spoe.at\/?page_id=20"},"modified":"2022-06-19T22:33:36","modified_gmt":"2022-06-19T20:33:36","slug":"unsere-themen","status":"publish","type":"page","link":"https:\/\/www.anzbach-spoe.at\/?page_id=20","title":{"rendered":"Themen"},"content":{"rendered":"\n<h2 class=\"has-primary-color has-text-color wp-block-heading\">Raumordnung und leistbares Wohnen<\/h2>\n\n\n\n<p>Wir treten daf\u00fcr ein, dass\nunsere Gemeinde die ihr gegebenen M\u00f6glichkeiten nutzt, f\u00fcr unsere jungen\nAnzbacherinnen und Anzbacher leistbaren Wohnraum zu schaffen. Wie k\u00f6nnte die\nGemeinde dem entgegenkommen?<\/p>\n\n\n\n<p>Die Gemeinde k\u00f6nnte die in ihrem Eigentum befindlichen <strong>Grundst\u00fccke<\/strong> z.B. einer Baugenossenschaft <strong>zum Selbstkostenpreis<\/strong> verkaufen und diese vertraglich dazu verpflichten, dass sich der g\u00fcnstige Grunderwerb im Mietpreis widerspiegelt. Bedeutet: <strong>Je nach Grundst\u00fcckspreis variiert der Mietpreis!<\/strong><\/p>\n\n\n\n<h2 class=\"has-primary-color has-text-color wp-block-heading\">Sozialombudsstelle<\/h2>\n\n\n\n<p>Gerade <strong>PensionistInnen<\/strong> sind oft mit \u00c4mtern und Beh\u00f6rden <strong>\u00fcberfordert<\/strong>, wenn es um Angelegenheiten von Pflege, Steuer, Behinderung, F\u00f6rderungen, etc. geht. Dazu kommt, dass vor allem die \u00e4ltesten Mitglieder der Gesellschaft oft keinen Zugang zu elektronischen Auskunftssystemen haben oder aufgrund von Krankheit und Gebrechlichkeit ihren Wohnsitz zur Erreichung von Auskunftsstellen gar nicht mehr verlassen k\u00f6nnen und daher auf fremde Hilfe angewiesen sind. Diese Hemmnisse f\u00fchren dazu, dass <strong>diese Menschen sich nicht holen k\u00f6nnen, was ihnen eigentlich zusteht<\/strong>. Wir fordern daher die <strong>Einrichtung einer Sozialombudsstelle in der Gemeinde<\/strong>, um vor allem die \u00e4ltere Generation in den angef\u00fchrten Themen zu unterst\u00fctzen und sind auch bereit, daf\u00fcr eigene Ressourcen einzubringen. <\/p>\n\n\n\n<h2 class=\"has-primary-color has-text-color wp-block-heading\">Kulturzentrum Sch\u00f6nbeckm\u00fchle<\/h2>\n\n\n\n<p>Das\n<strong>Kronjuwel<\/strong> unserer Gemeinde \u2013 wir\nwollen etwas aus unserer M\u00fchle machen! Die M\u00fchle ist nach l\u00e4ngerer Pause wieder\nverpachtet, dies ist der richtige Weg und ein erster Schritt zur \u201e<strong>Wiederbelebung<\/strong>\u201c. Man k\u00f6nnte aber\nweitaus mehr aus unserem Kulturgut machen. M\u00e4rkte mit regionalen Produkten,\nWorkshops, Feste und vieles mehr, wo wir auch darum bitten, Ideen an uns weiterzugeben,\nsodass die M\u00fchle wieder voll und ganz zum Leben erweckt wird! <\/p>\n\n\n\n<p>Unsere\nVorstellung ist ein <strong>Ort der\nKommunikation<\/strong>, an dem Jung und Alt aufeinandertreffen, wo \u00fcber Gott und die\nWelt geredet, Wissen ausgetauscht, Kultur gesch\u00e4tzt oder einfach mal gefeiert\nwird. Lassen Sie uns etwas daraus machen!<\/p>\n\n\n\n<h2 class=\"has-primary-color has-text-color wp-block-heading\">Neubau Bahnhof Maria Anzbach<\/h2>\n\n\n\n<p>Seit 1991 wird auf der Westbahn bei uns auf dem rechten Gleis gefahren. Seit nun fast 30 Jahren steht den Reisenden in der Hauptlastrichtung Wien daher nur mehr ein <strong>unzureichender offener Unterstand<\/strong> zur Verf\u00fcgung. Das Haltestellengeb\u00e4ude Richtung St. P\u00f6lten verf\u00e4llt zusehends und muss inzwischen gep\u00f6lzt werden. Seit Dezember 2015 halten s\u00e4mtlich REX-Z\u00fcge in Maria Anzbach und erfreuen sich gro\u00dfer Beliebtheit, was eine zunehmende \u00dcberlastung des P&amp;R-Platzes zur Folge hat. Nach einem versp\u00e4teten kleinen Ausbauschritt im Jahr 2016 wurde die Erweiterung auf angeblich 50 Stellpl\u00e4tze im Jahr 2019 von der Politik gro\u00df als Abschluss der Bauma\u00dfnahmen gefeiert \u2013 allein: <strong>der Parkplatz ist schon wieder zu klein<\/strong>. Wir wollen endlich Gewissheit \u00fcber den f\u00fcr 2025\/26 angek\u00fcndigten <strong>Neubau der Haltestelle: wo genau und in welcher Qualit\u00e4t?<\/strong> Die Entscheidung dar\u00fcber muss in der n\u00e4chsten Gemeinderatsperiode fallen. Die Bev\u00f6lkerung hat ein Recht darauf, noch vor der Gemeinderatswahl zu erfahren, was die \u00d6VP-Mehrheit dann wirklich vorhat.<\/p>\n\n\n\n<p>Die aktuelle weitere Entwicklung zum Bahnhofsneubau finden Sie <a href=\"https:\/\/www.anzbach-spoe.at\/?cat=4\" target=\"_blank\" rel=\"noreferrer noopener\">hier<\/a>.<\/p>\n\n\n\n<h2 class=\"has-primary-color has-text-color wp-block-heading\">Regionale Initiativen<\/h2>\n\n\n\n<p>Beteiligung an <strong>regionalen Initiativen<\/strong>, wie z.B. die Teilnahme Maria Anzbachs am Kulturhauptstadt 2024-Programm, die F\u00f6rderung von <strong>politischer Bildung<\/strong>, wie z.B. durch themenspezifische Workshops f\u00fcr Jugendliche, Bewusstseinsschaffung f\u00fcr einen <strong>nachhaltigen, umweltfreundlichen Gemeindestil<\/strong>, eine Ausweitung der Ausstattung f\u00fcr <strong>Sportvereine<\/strong>, z.B. Teambusse und dergleichen&#8230;.<\/p>\n","protected":false},"excerpt":{"rendered":"<p>Raumordnung und leistbares Wohnen Wir treten daf\u00fcr ein, dass unsere Gemeinde die ihr gegebenen M\u00f6glichkeiten nutzt, f\u00fcr unsere jungen Anzbacherinnen und Anzbacher leistbaren Wohnraum zu <span class=\"more-text\">&hellip;<\/span><\/p>\n","protected":false},"author":1,"featured_media":0,"parent":0,"menu_order":0,"comment_status":"closed","ping_status":"closed","template":"","meta":{"footnotes":""},"jetpack_sharing_enabled":true,"_links":{"self":[{"href":"https:\/\/www.anzbach-spoe.at\/index.php?rest_route=\/wp\/v2\/pages\/20"}],"collection":[{"href":"https:\/\/www.anzbach-spoe.at\/index.php?rest_route=\/wp\/v2\/pages"}],"about":[{"href":"https:\/\/www.anzbach-spoe.at\/index.php?rest_route=\/wp\/v2\/types\/page"}],"author":[{"embeddable":true,"href":"https:\/\/www.anzbach-spoe.at\/index.php?rest_route=\/wp\/v2\/users\/1"}],"replies":[{"embeddable":true,"href":"https:\/\/www.anzbach-spoe.at\/index.php?rest_route=%2Fwp%2Fv2%2Fcomments&post=20"}],"version-history":[{"count":15,"href":"https:\/\/www.anzbach-spoe.at\/index.php?rest_route=\/wp\/v2\/pages\/20\/revisions"}],"predecessor-version":[{"id":552,"href":"https:\/\/www.anzbach-spoe.at\/index.php?rest_route=\/wp\/v2\/pages\/20\/revisions\/552"}],"wp:attachment":[{"href":"https:\/\/www.anzbach-spoe.at\/index.php?rest_route=%2Fwp%2Fv2%2Fmedia&parent=20"}],"curies":[{"name":"wp","href":"https:\/\/api.w.org\/{rel}","templated":true}]}}